{"id":355,"date":"2025-12-16T02:30:02","date_gmt":"2025-12-16T02:30:02","guid":{"rendered":"https:\/\/lapatronamishawaka.com\/?page_id=355"},"modified":"2025-12-23T00:55:13","modified_gmt":"2025-12-23T00:55:13","slug":"visitanos","status":"publish","type":"page","link":"https:\/\/lapatronamishawaka.com\/en\/visitanos\/","title":{"rendered":"Visit us"},"content":{"rendered":"<p>[et_pb_section fb_built=&#8221;1&#8243; _builder_version=&#8221;4.27.5&#8243; _module_preset=&#8221;default&#8221; background_enable_color=&#8221;off&#8221; use_background_color_gradient=&#8221;on&#8221; background_color_gradient_direction=&#8221;166deg&#8221; background_color_gradient_stops=&#8221;#000000 0%|#ff0000 100%&#8221; background_image=&#8221;https:\/\/lapatronamishawaka.com\/wp-content\/uploads\/2025\/12\/537685951_122146563572639726_2925991522398629845_n.jpg&#8221; background_blend=&#8221;multiply&#8221; background_enable_mask_style=&#8221;on&#8221; background_mask_style=&#8221;rock-stack&#8221; background_mask_color=&#8221;#000000&#8243; background_mask_aspect_ratio=&#8221;portrait&#8221; global_colors_info=&#8221;{}&#8221;][et_pb_row _builder_version=&#8221;4.27.5&#8243; _module_preset=&#8221;default&#8221; global_colors_info=&#8221;{}&#8221;][et_pb_column type=&#8221;4_4&#8243; _builder_version=&#8221;4.27.5&#8243; _module_preset=&#8221;default&#8221; global_colors_info=&#8221;{}&#8221;][et_pb_text _builder_version=&#8221;4.27.5&#8243; _module_preset=&#8221;c16985e1-e0d6-4022-964d-e2bfc04fa633&#8243; header_font=&#8221;&#8211;et_global_heading_font|500|||||||&#8221; header_text_color=&#8221;#FFFFFF&#8221; header_font_size=&#8221;66px&#8221; header_line_height=&#8221;0.9em&#8221; text_orientation=&#8221;center&#8221; header_font_size_tablet=&#8221;40px&#8221; header_font_size_phone=&#8221;24px&#8221; header_font_size_last_edited=&#8221;on|phone&#8221; header_text_shadow_style=&#8221;preset1&#8243; global_colors_info=&#8221;{}&#8221;]<\/p>\n<h1>Your go-to spot for Mexican food in Mishawaka<\/h1>\n<p>[\/et_pb_text][et_pb_text _builder_version=&#8221;4.27.5&#8243; _module_preset=&#8221;default&#8221; text_font=&#8221;&#8211;et_global_body_font||||||||&#8221; text_text_color=&#8221;#FFFFFF&#8221; text_font_size=&#8221;21px&#8221; text_orientation=&#8221;center&#8221; global_colors_info=&#8221;{}&#8221;]<\/p>\n<p>Easy to find, impossible to forget.<\/p>\n<p>[\/et_pb_text][\/et_pb_column][\/et_pb_row][et_pb_row column_structure=&#8221;1_2,1_2&#8243; make_equal=&#8221;on&#8221; _builder_version=&#8221;4.27.5&#8243; _module_preset=&#8221;default&#8221; z_index=&#8221;10&#8243; global_colors_info=&#8221;{}&#8221;][et_pb_column type=&#8221;1_2&#8243; _builder_version=&#8221;4.27.5&#8243; _module_preset=&#8221;default&#8221; background_color=&#8221;#ff0000&#8243; custom_padding=&#8221;50px|40px|50px|40px|true|true&#8221; custom_padding_tablet=&#8221;40px|40px|40px|40px|true|true&#8221; custom_padding_phone=&#8221;20px|20px|20px|20px|true|true&#8221; custom_padding_last_edited=&#8221;on|phone&#8221; border_radii=&#8221;on|30px|30px|30px|30px&#8221; global_colors_info=&#8221;{}&#8221;][et_pb_blurb title=&#8221;Address&#8221; use_icon=&#8221;on&#8221; font_icon=&#8221;&#xf3c5;||fa||900&#8243; icon_color=&#8221;#000000&#8243; image_icon_background_color=&#8221;#FFFFFF&#8221; icon_placement=&#8221;left&#8221; image_icon_width=&#8221;24px&#8221; content_max_width=&#8221;100%&#8221; _builder_version=&#8221;4.27.5&#8243; _module_preset=&#8221;c6aa0334-470b-4941-9456-a5df8b0ed32f&#8221; header_font=&#8221;Darker Grotesque|700|||||||&#8221; header_text_color=&#8221;#FFFFFF&#8221; header_font_size=&#8221;20px&#8221; header_line_height=&#8221;1.4em&#8221; body_font=&#8221;Darker Grotesque|500|||||||&#8221; body_text_color=&#8221;#FFFFFF&#8221; body_font_size=&#8221;19px&#8221; body_line_height=&#8221;1.5em&#8221; image_icon_custom_padding=&#8221;20px|20px|20px|20px|true|true&#8221; animation=&#8221;off&#8221; border_radii_image=&#8221;on|400px|400px|400px|400px&#8221; locked=&#8221;off&#8221; global_colors_info=&#8221;{}&#8221;]<\/p>\n<p>6501 Grape Rd Ste 1000<br data-start=\"5194\" data-end=\"5197\" \/>Mishawaka, IN<\/p>\n<p>[\/et_pb_blurb][et_pb_blurb title=&#8221;Call Us&#8221; use_icon=&#8221;on&#8221; font_icon=&#8221;&#xe090;||divi||400&#8243; icon_color=&#8221;#000000&#8243; image_icon_background_color=&#8221;#FFFFFF&#8221; icon_placement=&#8221;left&#8221; image_icon_width=&#8221;24px&#8221; content_max_width=&#8221;100%&#8221; _builder_version=&#8221;4.27.5&#8243; _module_preset=&#8221;c6aa0334-470b-4941-9456-a5df8b0ed32f&#8221; header_font=&#8221;Darker Grotesque|700|||||||&#8221; header_text_color=&#8221;#FFFFFF&#8221; header_font_size=&#8221;20px&#8221; header_line_height=&#8221;1.4em&#8221; body_font=&#8221;Darker Grotesque|500|||||||&#8221; body_text_color=&#8221;#FFFFFF&#8221; body_font_size=&#8221;19px&#8221; body_line_height=&#8221;1.5em&#8221; image_icon_custom_padding=&#8221;20px|20px|20px|20px|true|true&#8221; animation=&#8221;off&#8221; border_radii_image=&#8221;on|400px|400px|400px|400px&#8221; locked=&#8221;off&#8221; global_colors_info=&#8221;{}&#8221;]<\/p>\n<p>574-208-8498<\/p>\n<p>[\/et_pb_blurb][et_pb_blurb title=&#8221;Email&#8221; use_icon=&#8221;on&#8221; font_icon=&#8221;&#xe076;||divi||400&#8243; icon_color=&#8221;#000000&#8243; image_icon_background_color=&#8221;#FFFFFF&#8221; icon_placement=&#8221;left&#8221; image_icon_width=&#8221;24px&#8221; content_max_width=&#8221;100%&#8221; _builder_version=&#8221;4.27.5&#8243; _module_preset=&#8221;c6aa0334-470b-4941-9456-a5df8b0ed32f&#8221; header_font=&#8221;Darker Grotesque|700|||||||&#8221; header_text_color=&#8221;#FFFFFF&#8221; header_font_size=&#8221;20px&#8221; header_line_height=&#8221;1.4em&#8221; body_font=&#8221;Darker Grotesque|500|||||||&#8221; body_text_color=&#8221;#FFFFFF&#8221; body_font_size=&#8221;19px&#8221; body_line_height=&#8221;1.5em&#8221; image_icon_custom_padding=&#8221;20px|20px|20px|20px|true|true&#8221; animation=&#8221;off&#8221; border_radii_image=&#8221;on|400px|400px|400px|400px&#8221; locked=&#8221;off&#8221; global_colors_info=&#8221;{}&#8221;]<\/p>\n<p><span>lapatronamishawaka@gmail.com<\/span><\/p>\n<p>[\/et_pb_blurb][\/et_pb_column][et_pb_column type=&#8221;1_2&#8243; _builder_version=&#8221;4.17.4&#8243; _module_preset=&#8221;default&#8221; background_color=&#8221;rgba(0,0,0,0.76)&#8221; background_enable_mask_style=&#8221;on&#8221; background_mask_style=&#8221;diagonal&#8221; background_mask_color=&#8221;#000000&#8243; background_mask_transform=&#8221;rotate_90_degree|invert|flip_horizontal&#8221; background_mask_aspect_ratio=&#8221;portrait&#8221; background_mask_size=&#8221;cover&#8221; background_mask_position=&#8221;top_center&#8221; custom_padding=&#8221;50px|50px|50px|50px|true|true&#8221; custom_padding_tablet=&#8221;50px|50px|30%|50px|false|true&#8221; custom_padding_phone=&#8221;20px|30px|50%|30px|false|true&#8221; custom_padding_last_edited=&#8221;on|phone&#8221; background_last_edited=&#8221;on|tablet&#8221; background_mask_aspect_ratio_tablet=&#8221;landscape&#8221; background_mask_aspect_ratio_phone=&#8221;portrait&#8221; border_radii=&#8221;on|30px|30px|30px|30px&#8221; global_colors_info=&#8221;{}&#8221;][et_pb_text _builder_version=&#8221;4.17.4&#8243; _module_preset=&#8221;b327cbe4-b1d5-4b66-ad37-40c8f2f061ba&#8221; header_2_font=&#8221;Darker Grotesque|700|||||||&#8221; header_2_text_color=&#8221;#FFFFFF&#8221; header_2_font_size=&#8221;48px&#8221; custom_margin=&#8221;||0px||false|false&#8221; header_2_font_size_tablet=&#8221;32px&#8221; header_2_font_size_phone=&#8221;20px&#8221; header_2_font_size_last_edited=&#8221;on|desktop&#8221; global_colors_info=&#8221;{}&#8221;]<\/p>\n<h2>Store Hours<\/h2>\n<p>[\/et_pb_text][et_pb_text _builder_version=&#8221;4.27.5&#8243; _module_preset=&#8221;1f09816e-184e-4ce5-a4cf-b39c52c423ca&#8221; text_font=&#8221;Darker Grotesque|700|||||||&#8221; text_text_color=&#8221;#FFFFFF&#8221; text_font_size=&#8221;32px&#8221; text_line_height=&#8221;1.5em&#8221; text_font_size_tablet=&#8221;18px&#8221; text_font_size_phone=&#8221;16px&#8221; text_font_size_last_edited=&#8221;on|phone&#8221; header_font_size_tablet=&#8221;55px&#8221; header_font_size_last_edited=&#8221;off|desktop&#8221; locked=&#8221;off&#8221; global_colors_info=&#8221;{}&#8221;]<\/p>\n<p data-start=\"5257\" data-end=\"5306\"><strong data-start=\"5262\" data-end=\"5282\">Sunday \u2013 Thursday<\/strong><br data-start=\"5282\" data-end=\"5285\" \/>11:00 AM \u2013 10:00 PM<\/p>\n<p data-start=\"5308\" data-end=\"5352\"><strong data-start=\"5308\" data-end=\"5328\">Friday \u2013 Saturday<\/strong><br data-start=\"5328\" data-end=\"5331\" \/>11:00 AM \u2013 10:30 PM<\/p>\n<p>[\/et_pb_text][\/et_pb_column][\/et_pb_row][et_pb_row _builder_version=&#8221;4.27.5&#8243; _module_preset=&#8221;default&#8221; background_color=&#8221;#ff0000&#8243; custom_margin=&#8221;2rem||2rem||true|false&#8221; custom_padding=&#8221;2rem|2rem|2rem|2rem|true|true&#8221; border_radii=&#8221;on|20px|20px|20px|20px&#8221; box_shadow_style=&#8221;preset2&#8243; global_colors_info=&#8221;{}&#8221;][et_pb_column type=&#8221;4_4&#8243; _builder_version=&#8221;4.27.5&#8243; _module_preset=&#8221;default&#8221; global_colors_info=&#8221;{}&#8221;][et_pb_text _builder_version=&#8221;4.27.5&#8243; _module_preset=&#8221;default&#8221; header_2_font=&#8221;&#8211;et_global_heading_font||||||||&#8221; header_2_text_align=&#8221;center&#8221; header_2_text_color=&#8221;#FFFFFF&#8221; header_2_font_size=&#8221;40px&#8221; custom_margin=&#8221;0px||0px||true|false&#8221; global_colors_info=&#8221;{}&#8221;]<\/p>\n<h2>Your craving won\u2019t wait, order it now<\/h2>\n<p>[\/et_pb_text][et_pb_text _builder_version=&#8221;4.27.5&#8243; _module_preset=&#8221;default&#8221; text_font=&#8221;&#8211;et_global_body_font||||||||&#8221; text_text_color=&#8221;#FFFFFF&#8221; text_font_size=&#8221;21px&#8221; text_orientation=&#8221;center&#8221; custom_margin=&#8221;7px||7px||true|false&#8221; global_colors_info=&#8221;{}&#8221;]<\/p>\n<p>Enjoy our Mexican dishes wherever you are, with the same authentic La Patrona flavor, freshly prepared and ready to go.<\/p>\n<p>[\/et_pb_text][et_pb_button button_url=&#8221;https:\/\/fromtherestaurant.com\/la-patrona-de-mishawaka\/locations\/&#8221; url_new_window=&#8221;on&#8221; button_text=&#8221;Ordenar en l\u00ednea ahora&#8221; button_alignment=&#8221;center&#8221; _builder_version=&#8221;4.27.5&#8243; _module_preset=&#8221;c903df1a-bc34-40cc-9c3d-aac607f660f6&#8243; custom_button=&#8221;on&#8221; button_text_size=&#8221;18px&#8221; button_text_color=&#8221;#FFFFFF&#8221; button_bg_color=&#8221;#f2b705&#8243; button_border_width=&#8221;0px&#8221; button_border_radius=&#8221;10px&#8221; button_font=&#8221;Quicksand|700|||||||&#8221; button_use_icon=&#8221;off&#8221; custom_margin=&#8221;2rem||||false|false&#8221; custom_margin_tablet=&#8221;13rem||||false|false&#8221; custom_margin_phone=&#8221;2rem||||false|false&#8221; custom_margin_last_edited=&#8221;on|phone&#8221; custom_padding=&#8221;1rem|4rem|1rem|4rem|true|true&#8221; custom_padding_tablet=&#8221;14px|25px|14px|25px|true|true&#8221; custom_padding_phone=&#8221;12px|3rem|12px|3rem|true|true&#8221; custom_padding_last_edited=&#8221;on|phone&#8221; button_text_size_tablet=&#8221;16px&#8221; button_text_size_phone=&#8221;18px&#8221; button_text_size_last_edited=&#8221;on|desktop&#8221; box_shadow_style=&#8221;preset2&#8243; global_colors_info=&#8221;{}&#8221; button_bg_color__hover=&#8221;#E02B20&#8243; button_bg_color__hover_enabled=&#8221;on|hover&#8221; button_bg_enable_color__hover=&#8221;on&#8221; button_text_size__hover_enabled=&#8221;on|hover&#8221; button_text_size__hover=&#8221;18px&#8221;][\/et_pb_button][\/et_pb_column][\/et_pb_row][\/et_pb_section][et_pb_section fb_built=&#8221;1&#8243; fullwidth=&#8221;on&#8221; _builder_version=&#8221;4.27.5&#8243; _module_preset=&#8221;default&#8221; global_colors_info=&#8221;{}&#8221;][et_pb_fullwidth_code _builder_version=&#8221;4.27.5&#8243; _module_preset=&#8221;default&#8221; global_colors_info=&#8221;{}&#8221;]<iframe src=\"https:\/\/www.google.com\/maps\/embed?pb=!1m18!1m12!1m3!1d2977.994525801734!2d-86.19133292410352!3d41.720636971259445!2m3!1f0!2f0!3f0!3m2!1i1024!2i768!4f13.1!3m3!1m2!1s0x8816d23c4f6020a3%3A0x40aa7e235bec1072!2s6501%20Grape%20Rd%20%231000%2C%20Mishawaka%2C%20IN%2046545%2C%20EE.%20UU.!5e0!3m2!1ses!2smx!4v1765852359712!5m2!1ses!2smx\" width=\"1920\" height=\"400\" style=\"border:0;\" allowfullscreen=\"\" loading=\"lazy\" referrerpolicy=\"no-referrer-when-downgrade\"><\/iframe>[\/et_pb_fullwidth_code][\/et_pb_section]<\/p>","protected":false},"excerpt":{"rendered":"<p>Tu lugar para comer mexicano en MishawakaF\u00e1cil de llegar, imposible de olvidar.6501 Grape Rd Ste 1000Mishawaka, IN574-208-8498lapatronamishawaka@gmail.comStore HoursDomingo \u2013 Jueves11:00 AM \u2013 10:00 PM Viernes \u2013 S\u00e1bado11:00 AM \u2013 10:30 PMTu antojo no espera, ord\u00e9nalo ahoraDisfruta nuestros platillos mexicanos donde est\u00e9s, con el mismo sabor aut\u00e9ntico de La Patrona, reci\u00e9n preparados y listos para llevar.<\/p>","protected":false},"author":1,"featured_media":0,"parent":0,"menu_order":0,"comment_status":"closed","ping_status":"closed","template":"","meta":{"_et_pb_use_builder":"on","_et_pb_old_content":"<!-- wp:divi\/placeholder \/-->","_et_gb_content_width":"","footnotes":""},"class_list":["post-355","page","type-page","status-publish","hentry"],"_hostinger_reach_plugin_has_subscription_block":false,"_hostinger_reach_plugin_is_elementor":false,"_links":{"self":[{"href":"https:\/\/lapatronamishawaka.com\/en\/wp-json\/wp\/v2\/pages\/355","targetHints":{"allow":["GET"]}}],"collection":[{"href":"https:\/\/lapatronamishawaka.com\/en\/wp-json\/wp\/v2\/pages"}],"about":[{"href":"https:\/\/lapatronamishawaka.com\/en\/wp-json\/wp\/v2\/types\/page"}],"author":[{"embeddable":true,"href":"https:\/\/lapatronamishawaka.com\/en\/wp-json\/wp\/v2\/users\/1"}],"replies":[{"embeddable":true,"href":"https:\/\/lapatronamishawaka.com\/en\/wp-json\/wp\/v2\/comments?post=355"}],"version-history":[{"count":11,"href":"https:\/\/lapatronamishawaka.com\/en\/wp-json\/wp\/v2\/pages\/355\/revisions"}],"predecessor-version":[{"id":483,"href":"https:\/\/lapatronamishawaka.com\/en\/wp-json\/wp\/v2\/pages\/355\/revisions\/483"}],"wp:attachment":[{"href":"https:\/\/lapatronamishawaka.com\/en\/wp-json\/wp\/v2\/media?parent=355"}],"curies":[{"name":"wp","href":"https:\/\/api.w.org\/{rel}","templated":true}]}}