{"id":340,"date":"2025-12-16T01:58:21","date_gmt":"2025-12-16T01:58:21","guid":{"rendered":"https:\/\/lapatronamishawaka.com\/?page_id=340"},"modified":"2025-12-16T17:11:28","modified_gmt":"2025-12-16T17:11:28","slug":"conocenos","status":"publish","type":"page","link":"https:\/\/lapatronamishawaka.com\/en\/conocenos\/","title":{"rendered":"Con\u00f3cenos"},"content":{"rendered":"<p>[et_pb_section fb_built=&#8221;1&#8243; _builder_version=&#8221;4.27.5&#8243; _module_preset=&#8221;default&#8221; background_enable_color=&#8221;off&#8221; use_background_color_gradient=&#8221;on&#8221; background_color_gradient_direction=&#8221;6deg&#8221; background_color_gradient_stops=&#8221;#000000 0%|rgba(0,0,0,0.31) 98%&#8221; background_image=&#8221;https:\/\/lapatronamishawaka.com\/wp-content\/uploads\/2025\/12\/557312962_122151883244639726_7369792886120904384_n.jpg&#8221; background_blend=&#8221;multiply&#8221; background_enable_mask_style=&#8221;on&#8221; background_mask_style=&#8221;corner-square&#8221; background_mask_color=&#8221;#ff0000&#8243; custom_padding=&#8221;||13px|||&#8221; global_colors_info=&#8221;{}&#8221;][et_pb_row column_structure=&#8221;3_5,2_5&#8243; use_custom_gutter=&#8221;on&#8221; gutter_width=&#8221;4&#8243; _builder_version=&#8221;4.27.5&#8243; _module_preset=&#8221;default&#8221; z_index=&#8221;10&#8243; custom_margin=&#8221;||||false|false&#8221; global_colors_info=&#8221;{}&#8221;][et_pb_column type=&#8221;3_5&#8243; _builder_version=&#8221;4.17.4&#8243; _module_preset=&#8221;default&#8221; global_colors_info=&#8221;{}&#8221;][et_pb_text _builder_version=&#8221;4.27.5&#8243; _module_preset=&#8221;c16985e1-e0d6-4022-964d-e2bfc04fa633&#8243; header_font=&#8221;&#8211;et_global_heading_font|500|||||||&#8221; header_text_color=&#8221;#FFFFFF&#8221; header_font_size=&#8221;58px&#8221; header_line_height=&#8221;1.1em&#8221; header_font_size_tablet=&#8221;40px&#8221; header_font_size_phone=&#8221;32px&#8221; header_font_size_last_edited=&#8221;on|desktop&#8221; header_text_shadow_style=&#8221;preset1&#8243; global_colors_info=&#8221;{}&#8221;]<\/p>\n<h1>Tradition, flavor, and Mexican pride<\/h1>\n<p>[\/et_pb_text][et_pb_text _builder_version=&#8221;4.27.5&#8243; _module_preset=&#8221;518880c8-46c7-4ffa-b5a6-93ffa99dcc17&#8243; text_font=&#8221;&#8211;et_global_body_font|500|||||||&#8221; text_text_color=&#8221;#FFFFFF&#8221; text_font_size=&#8221;24px&#8221; text_line_height=&#8221;1.4em&#8221; text_font_size_tablet=&#8221;20px&#8221; text_font_size_phone=&#8221;16px&#8221; text_font_size_last_edited=&#8221;on|phone&#8221; global_colors_info=&#8221;{}&#8221;]<\/p>\n<p>A kitchen crafted with respect for our roots.<\/p>\n<p>[\/et_pb_text][et_pb_text _builder_version=&#8221;4.27.5&#8243; _module_preset=&#8221;default&#8221; text_font=&#8221;&#8211;et_global_body_font||||||||&#8221; text_text_color=&#8221;#FFFFFF&#8221; global_colors_info=&#8221;{}&#8221;]<\/p>\n<p data-start=\"4594\" data-end=\"4712\"><strong data-start=\"4594\" data-end=\"4618\">At La Patrona Mishawaka<\/strong> was born with a clear mission:<br \/>to bring the true taste of Mexico to our community\u2019s table.<\/p>\n<p data-start=\"4714\" data-end=\"4784\">Each recipe reflects tradition, dedication, and a love for Mexican cuisine.<\/p>\n<p>[\/et_pb_text][\/et_pb_column][et_pb_column type=&#8221;2_5&#8243; _builder_version=&#8221;4.17.4&#8243; _module_preset=&#8221;default&#8221; global_colors_info=&#8221;{}&#8221;][et_pb_image src=&#8221;https:\/\/lapatronamishawaka.com\/wp-content\/uploads\/2025\/12\/PATRONA_LOGO-e1765904783245.png&#8221; title_text=&#8221;PATRONA_LOGO&#8221; _builder_version=&#8221;4.27.5&#8243; _module_preset=&#8221;default&#8221; background_image=&#8221;https:\/\/lapatronamishawaka.com\/wp-content\/uploads\/2025\/12\/poke-restaurant-56.png&#8221; positioning=&#8221;absolute&#8221; position_origin_a_tablet=&#8221;&#8221; position_origin_a_phone=&#8221;&#8221; position_origin_a_last_edited=&#8221;on|tablet&#8221; position_origin_f_tablet=&#8221;&#8221; position_origin_f_phone=&#8221;&#8221; position_origin_f_last_edited=&#8221;on|tablet&#8221; position_origin_r_tablet=&#8221;&#8221; position_origin_r_phone=&#8221;&#8221; position_origin_r_last_edited=&#8221;on|tablet&#8221; width=&#8221;88%&#8221; width_tablet=&#8221;88%&#8221; width_phone=&#8221;44%&#8221; width_last_edited=&#8221;on|phone&#8221; custom_margin=&#8221;-40%|||-30%|false|false&#8221; custom_margin_tablet=&#8221;5%|||0%|false|false&#8221; custom_margin_phone=&#8221;5%|||0%|false|false&#8221; custom_margin_last_edited=&#8221;on|tablet&#8221; hover_enabled=&#8221;0&#8243; positioning_tablet=&#8221;none&#8221; positioning_phone=&#8221;none&#8221; positioning_last_edited=&#8221;on|tablet&#8221; border_radii=&#8221;on|400px|400px|400px|400px&#8221; border_width_all=&#8221;0.6vw&#8221; border_color_all=&#8221;RGBA(255,255,255,0)&#8221; border_width_all_tablet=&#8221;1.5vw&#8221; border_width_all_phone=&#8221;1.5vw&#8221; border_width_all_last_edited=&#8221;on|desktop&#8221; box_shadow_style=&#8221;preset1&#8243; box_shadow_vertical=&#8221;0px&#8221; box_shadow_blur=&#8221;0px&#8221; box_shadow_spread=&#8221;5px&#8221; box_shadow_color=&#8221;#B1C716&#8243; locked=&#8221;off&#8221; global_colors_info=&#8221;{}&#8221; sticky_enabled=&#8221;0&#8243;][\/et_pb_image][et_pb_image src=&#8221;https:\/\/lapatronamishawaka.com\/wp-content\/uploads\/2025\/12\/101.png&#8221; title_text=&#8221;101&#8243; align_last_edited=&#8221;off|tablet&#8221; _builder_version=&#8221;4.27.5&#8243; _module_preset=&#8221;default&#8221; width_tablet=&#8221;60%&#8221; width_phone=&#8221;100%&#8221; width_last_edited=&#8221;on|tablet&#8221; max_height=&#8221;600px&#8221; custom_margin=&#8221;|-20vw||-29px|false|false&#8221; custom_margin_tablet=&#8221;|0vw||0vw|false|false&#8221; custom_margin_phone=&#8221;|0vw||0vw|false|false&#8221; custom_margin_last_edited=&#8221;on|phone&#8221; module_alignment_tablet=&#8221;right&#8221; module_alignment_phone=&#8221;right&#8221; module_alignment_last_edited=&#8221;on|tablet&#8221; border_radii=&#8221;on|400px|400px|400px|400px&#8221; border_width_all=&#8221;1vw&#8221; border_color_all=&#8221;RGBA(255,255,255,0)&#8221; border_width_all_tablet=&#8221;2vw&#8221; border_width_all_phone=&#8221;2vw&#8221; border_width_all_last_edited=&#8221;on|phone&#8221; box_shadow_style=&#8221;preset1&#8243; box_shadow_vertical=&#8221;0px&#8221; box_shadow_blur=&#8221;0px&#8221; box_shadow_spread=&#8221;10px&#8221; box_shadow_color=&#8221;#000000&#8243; locked=&#8221;off&#8221; global_colors_info=&#8221;{}&#8221;][\/et_pb_image][\/et_pb_column][\/et_pb_row][\/et_pb_section][et_pb_section fb_built=&#8221;1&#8243; _builder_version=&#8221;4.27.5&#8243; _module_preset=&#8221;default&#8221; background_color=&#8221;rgba(0,0,0,0.76)&#8221; background_image=&#8221;https:\/\/lapatronamishawaka.com\/wp-content\/uploads\/2025\/12\/537685951_122146563572639726_2925991522398629845_n.jpg&#8221; background_blend=&#8221;multiply&#8221; background_enable_mask_style=&#8221;on&#8221; background_mask_style=&#8221;corner-blob&#8221; background_mask_color=&#8221;#ff0000&#8243; background_mask_transform=&#8221;invert&#8221; global_colors_info=&#8221;{}&#8221;][et_pb_row column_structure=&#8221;1_2,1_2&#8243; _builder_version=&#8221;4.27.5&#8243; _module_preset=&#8221;default&#8221; global_colors_info=&#8221;{}&#8221;][et_pb_column type=&#8221;1_2&#8243; _builder_version=&#8221;4.27.5&#8243; _module_preset=&#8221;default&#8221; global_colors_info=&#8221;{}&#8221;][et_pb_text _builder_version=&#8221;4.27.5&#8243; _module_preset=&#8221;default&#8221; header_2_font=&#8221;&#8211;et_global_heading_font||||||||&#8221; header_2_text_align=&#8221;center&#8221; header_2_text_color=&#8221;#FFFFFF&#8221; header_2_font_size=&#8221;39px&#8221; header_2_line_height=&#8221;1.4em&#8221; custom_margin=&#8221;8rem||||false|false&#8221; custom_margin_tablet=&#8221;8rem||||false|false&#8221; custom_margin_phone=&#8221;0rem||||false|false&#8221; custom_margin_last_edited=&#8221;on|phone&#8221; header_2_font_size_tablet=&#8221;39px&#8221; header_2_font_size_phone=&#8221;30px&#8221; header_2_font_size_last_edited=&#8221;on|phone&#8221; header_2_text_shadow_style=&#8221;preset1&#8243; global_colors_info=&#8221;{}&#8221;]<\/p>\n<h2>Come visit us and feel right at home<\/h2>\n<p>[\/et_pb_text][et_pb_button button_url=&#8221;https:\/\/lapatronamishawaka.com\/visitanos\/&#8221; url_new_window=&#8221;on&#8221; button_text=&#8221;V\u00edsitanos&#8221; button_alignment=&#8221;center&#8221; _builder_version=&#8221;4.27.5&#8243; _module_preset=&#8221;c903df1a-bc34-40cc-9c3d-aac607f660f6&#8243; custom_button=&#8221;on&#8221; button_text_size=&#8221;18px&#8221; button_text_color=&#8221;#FFFFFF&#8221; button_bg_color=&#8221;#ff9c25&#8243; button_border_width=&#8221;0px&#8221; button_border_radius=&#8221;10px&#8221; button_font=&#8221;Quicksand|700|||||||&#8221; button_use_icon=&#8221;off&#8221; custom_margin=&#8221;0px||||false|false&#8221; custom_margin_tablet=&#8221;13rem||||false|false&#8221; custom_margin_phone=&#8221;0rem||||false|false&#8221; custom_margin_last_edited=&#8221;on|phone&#8221; custom_padding=&#8221;1rem|8rem|1rem|8rem|true|true&#8221; custom_padding_tablet=&#8221;14px|25px|14px|25px|true|true&#8221; custom_padding_phone=&#8221;12px|6rem|12px|6rem|true|true&#8221; custom_padding_last_edited=&#8221;on|phone&#8221; button_text_size_tablet=&#8221;16px&#8221; button_text_size_phone=&#8221;18px&#8221; button_text_size_last_edited=&#8221;on|desktop&#8221; box_shadow_style=&#8221;preset2&#8243; global_colors_info=&#8221;{}&#8221; button_bg_color__hover=&#8221;#E02B20&#8243; button_bg_color__hover_enabled=&#8221;on|hover&#8221; button_bg_enable_color__hover=&#8221;on&#8221; button_text_size__hover_enabled=&#8221;on|hover&#8221; button_text_size__hover=&#8221;18px&#8221;][\/et_pb_button][\/et_pb_column][et_pb_column type=&#8221;1_2&#8243; _builder_version=&#8221;4.27.5&#8243; _module_preset=&#8221;default&#8221; global_colors_info=&#8221;{}&#8221;][wdcl_image_carousel nav_pagi=&#8221;none&#8221; slide_count=&#8221;1&#8243; is_vertical=&#8221;on&#8221; _builder_version=&#8221;4.27.5&#8243; _module_preset=&#8221;default&#8221; border_radii=&#8221;on|20px|20px|20px|20px&#8221; box_shadow_style=&#8221;preset2&#8243; global_colors_info=&#8221;{}&#8221;][wdcl_image_carousel_child photo=&#8221;https:\/\/lapatronamishawaka.com\/wp-content\/uploads\/2025\/12\/537685951_122146563572639726_2925991522398629845_n.jpg&#8221; _builder_version=&#8221;4.27.5&#8243; _module_preset=&#8221;default&#8221; global_colors_info=&#8221;{}&#8221;][\/wdcl_image_carousel_child][wdcl_image_carousel_child photo=&#8221;https:\/\/lapatronamishawaka.com\/wp-content\/uploads\/2025\/12\/538983227_122146563626639726_5926645485516362087_n.jpg&#8221; _builder_version=&#8221;4.27.5&#8243; _module_preset=&#8221;default&#8221; global_colors_info=&#8221;{}&#8221;][\/wdcl_image_carousel_child][wdcl_image_carousel_child photo=&#8221;https:\/\/lapatronamishawaka.com\/wp-content\/uploads\/2025\/12\/574576628_122155502678639726_679290229900824753_n.jpg&#8221; _builder_version=&#8221;4.27.5&#8243; _module_preset=&#8221;default&#8221; global_colors_info=&#8221;{}&#8221;][\/wdcl_image_carousel_child][wdcl_image_carousel_child photo=&#8221;https:\/\/lapatronamishawaka.com\/wp-content\/uploads\/2025\/12\/485095388_122123841092639726_6317158778843514792_n.jpg&#8221; _builder_version=&#8221;4.27.5&#8243; _module_preset=&#8221;default&#8221; global_colors_info=&#8221;{}&#8221;][\/wdcl_image_carousel_child][wdcl_image_carousel_child photo=&#8221;https:\/\/lapatronamishawaka.com\/wp-content\/uploads\/2025\/12\/492039998_122129044016639726_854170929856626769_n.jpg&#8221; _builder_version=&#8221;4.27.5&#8243; _module_preset=&#8221;default&#8221; global_colors_info=&#8221;{}&#8221;][\/wdcl_image_carousel_child][\/wdcl_image_carousel][\/et_pb_column][\/et_pb_row][\/et_pb_section][et_pb_section fb_built=&#8221;1&#8243; make_equal=&#8221;on&#8221; use_custom_gutter=&#8221;on&#8221; gutter_width=&#8221;2&#8243; specialty=&#8221;on&#8221; bg_img_1=&#8221;https:\/\/lapatronamishawaka.com\/wp-content\/uploads\/2025\/12\/538983227_122146563626639726_5926645485516362087_n.jpg&#8221; background_size_1=&#8221;cover&#8221; background_position_1=&#8221;top_right&#8221; background_blend_1=&#8221;multiply&#8221; use_background_color_gradient_1=&#8221;off&#8221; padding_top_1=&#8221;40px&#8221; padding_right_1=&#8221;20px&#8221; padding_bottom_1=&#8221;40px&#8221; padding_left_1=&#8221;20px&#8221; padding_top_bottom_link_1=&#8221;true&#8221; padding_top_bottom_link_2=&#8221;false&#8221; padding_left_right_link_1=&#8221;true&#8221; padding_left_right_link_2=&#8221;false&#8221; padding_1_tablet=&#8221;||||false|false&#8221; padding_1_phone=&#8221;30px|20px|60px|20px|false|true&#8221; padding_1_last_edited=&#8221;off|phone&#8221; admin_label=&#8221;Calls to Action&#8221; _builder_version=&#8221;4.27.5&#8243; background_color=&#8221;#ff9c25&#8243; background_enable_pattern_style=&#8221;on&#8221; background_pattern_style=&#8221;zig-zag-2&#8243; background_pattern_color=&#8221;rgba(0,0,0,0.17)&#8221; background_pattern_size=&#8221;custom&#8221; background_pattern_width=&#8221;19px&#8221; background_enable_mask_style=&#8221;on&#8221; background_mask_style=&#8221;paint&#8221; background_mask_color=&#8221;#e02b20&#8243; background_mask_transform=&#8221;flip_horizontal&#8221; background_mask_aspect_ratio=&#8221;portrait&#8221; custom_padding=&#8221;4rem||4rem||true|false&#8221; bottom_divider_style=&#8221;mountains2&#8243; bottom_divider_color=&#8221;#000000&#8243; bottom_divider_height=&#8221;133px&#8221; bottom_divider_height_tablet=&#8221;133px&#8221; bottom_divider_height_phone=&#8221;111px&#8221; bottom_divider_height_last_edited=&#8221;on|phone&#8221; global_colors_info=&#8221;{}&#8221;][et_pb_column type=&#8221;1_3&#8243; _builder_version=&#8221;4.16&#8243; custom_padding=&#8221;|||&#8221; global_colors_info=&#8221;{}&#8221; custom_padding__hover=&#8221;|||&#8221;][et_pb_image src=&#8221;https:\/\/lapatronamishawaka.com\/wp-content\/uploads\/2025\/12\/538983227_122146563626639726_5926645485516362087_n.jpg&#8221; title_text=&#8221;538983227_122146563626639726_5926645485516362087_n&#8221; disabled_on=&#8221;off|on|on&#8221; _builder_version=&#8221;4.27.5&#8243; _module_preset=&#8221;default&#8221; box_shadow_style=&#8221;preset2&#8243; global_colors_info=&#8221;{}&#8221;][\/et_pb_image][\/et_pb_column][et_pb_column type=&#8221;2_3&#8243; specialty_columns=&#8221;2&#8243; _builder_version=&#8221;4.16&#8243; custom_padding=&#8221;|||&#8221; global_colors_info=&#8221;{}&#8221; custom_padding__hover=&#8221;|||&#8221;][et_pb_row_inner column_structure=&#8221;1_2,1_2&#8243; make_equal=&#8221;on&#8221; _builder_version=&#8221;4.27.5&#8243; background_color=&#8221;#ffffff&#8221; custom_padding=&#8221;0px||0px||true|false&#8221; box_shadow_style=&#8221;preset2&#8243; global_colors_info=&#8221;{}&#8221;][et_pb_column_inner type=&#8221;1_2&#8243; saved_specialty_column_type=&#8221;2_3&#8243; _builder_version=&#8221;4.27.5&#8243; background_image=&#8221;https:\/\/lapatronamishawaka.com\/wp-content\/uploads\/2025\/12\/537685951_122146563572639726_2925991522398629845_n.jpg&#8221; global_colors_info=&#8221;{}&#8221;][et_pb_divider show_divider=&#8221;off&#8221; _builder_version=&#8221;4.27.5&#8243; height_tablet=&#8221;40vw&#8221; height_phone=&#8221;&#8221; height_last_edited=&#8221;on|tablet&#8221; locked=&#8221;off&#8221; global_colors_info=&#8221;{}&#8221;][\/et_pb_divider][et_pb_image src=&#8221;https:\/\/lapatronamishawaka.com\/wp-content\/uploads\/2025\/12\/537685951_122146563572639726_2925991522398629845_n.jpg&#8221; title_text=&#8221;537685951_122146563572639726_2925991522398629845_n&#8221; disabled_on=&#8221;off|on|on&#8221; _builder_version=&#8221;4.27.5&#8243; _module_preset=&#8221;default&#8221; box_shadow_style=&#8221;preset2&#8243; global_colors_info=&#8221;{}&#8221;][\/et_pb_image][\/et_pb_column_inner][et_pb_column_inner type=&#8221;1_2&#8243; saved_specialty_column_type=&#8221;2_3&#8243; _builder_version=&#8221;4.16&#8243; custom_padding=&#8221;40px|20px|40px||true|false&#8221; custom_padding_tablet=&#8221;40px|20px|40px|20px|true|true&#8221; custom_padding_phone=&#8221;||||false|false&#8221; custom_padding_last_edited=&#8221;on|phone&#8221; global_colors_info=&#8221;{}&#8221;][et_pb_image src=&#8221;https:\/\/lapatronamishawaka.com\/wp-content\/uploads\/2025\/12\/spice-shop-31.png&#8221; title_text=&#8221;spice-shop-31&#8243; _builder_version=&#8221;4.27.5&#8243; custom_margin=&#8221;||||false|false&#8221; custom_margin_tablet=&#8221;0px||||false|false&#8221; custom_margin_last_edited=&#8221;off|desktop&#8221; locked=&#8221;off&#8221; global_colors_info=&#8221;{}&#8221;][\/et_pb_image][et_pb_text _builder_version=&#8221;4.27.5&#8243; text_font=&#8221;&#8211;et_global_body_font||||||||&#8221; header_3_font=&#8221;&#8211;et_global_heading_font|600|||||||&#8221; header_3_font_size=&#8221;30px&#8221; header_3_line_height=&#8221;1.2em&#8221; custom_margin=&#8221;6rem||||false|false&#8221; custom_margin_tablet=&#8221;6rem||||false|false&#8221; custom_margin_phone=&#8221;0rem||||false|false&#8221; custom_margin_last_edited=&#8221;on|phone&#8221; header_3_font_size_tablet=&#8221;25px&#8221; header_3_font_size_phone=&#8221;20px&#8221; header_3_font_size_last_edited=&#8221;on|phone&#8221; locked=&#8221;off&#8221; global_colors_info=&#8221;{}&#8221;]<\/p>\n<h3>Our Philosophy<\/h3>\n<ul>\n<li data-start=\"4817\" data-end=\"4845\">\n<p data-start=\"4819\" data-end=\"4845\">Respect for tradition<\/p>\n<\/li>\n<li data-start=\"4846\" data-end=\"4870\">\n<p data-start=\"4848\" data-end=\"4870\">Fresh ingredients<\/p>\n<\/li>\n<li data-start=\"4871\" data-end=\"4890\">\n<p data-start=\"4873\" data-end=\"4890\">Bold and authentic flavor<\/p>\n<\/li>\n<li data-start=\"4891\" data-end=\"4919\">\n<p data-start=\"4893\" data-end=\"4919\">Friendly, family-like service<\/p>\n<\/li>\n<\/ul>\n<p>[\/et_pb_text][\/et_pb_column_inner][\/et_pb_row_inner][\/et_pb_column][\/et_pb_section]<\/p>","protected":false},"excerpt":{"rendered":"<p>Tradici\u00f3n, sabor y orgullo mexicanoUna cocina hecha con respeto por nuestras ra\u00edces.La Patrona Mishawaka nace con una misi\u00f3n clara:llevar el verdadero sabor mexicano a la mesa de nuestra comunidad. Cada receta refleja tradici\u00f3n, esfuerzo y amor por la cocina mexicana.Ven a conocernos y si\u00e9ntete como en casa<div class=\"et_pb_module wdcl_image_carousel wdcl_image_carousel_0\">\n\t\t\t\t\n\t\t\t\t\n\t\t\t\t\n\t\t\t\t\n\t\t\t\t\n\t\t\t\t\n\t\t\t\t<div class=\"et_pb_module_inner\">\n\t\t\t\t\t<div dir=\"ltr\" class=\"dcm-container dcm-carousel-maker dcm-lightbox-disabled\" data-pagi=\"false\"\n\t\t\tdata-pagi-tablet=\"false\"\n\t\t\tdata-pagi-phone=\"false\"\n\t\t\tdata-nav=\"false\"\n\t\t\tdata-nav-tablet=\"false\"\n\t\t\tdata-nav-phone=\"false\"\n\t\t\tdata-autoplay=\"on\"\n\t\t\tdata-autoplay-speed=\"2000ms\"\n\t\t\tdata-speed=\"700ms\"\n\t\t\tdata-slides=\"1\"\n\t\t\tdata-slides-tablet=\"1\"\n\t\t\tdata-slides-phone=\"1\"\n\t\t\tdata-center=\"off\"\n\t\t\tdata-center-mode-type=\"classic\"\n\t\t\tdata-center-padding=\"70px||\"\n\t\t\tdata-vertical=\"on\"\n\t\t\tdata-icon-left=\"4\"\n\t\t\tdata-icon-right=\"5\"\n\t\t\tdata-infinite=\"on\"\n\t\t\tdata-variable-width=\"off\"\n\t\t\tdata-auto-height=\"off\"\n\t\t\tdata-items-scroll=\"1||\"\n\t\t\tdata-fade=\"off\"\n\t\t\tdata-dir=\"ltr\">\n                \n            <\/div>\n\t\t\t\t<\/div>\n\t\t\t<\/div><div class=\"wdcl_image_carousel_child wdcl_image_carousel_child_0 wdc_et_pb_module\">\n\t\t\t\t\n\t\t\t\t\n\t\t\t\t\n\t\t\t\t\n\t\t\t\t\n\t\t\t\t\n\t\t\t\t<div class=\"et_pb_module_inner\">\n\t\t\t\t\t<div class=\"dcm-carousel-item dcm-image-swap dcm-hover--none\">\n\t\t\t\t<figure class=\"dcm-lightbox-ctrl\">\n\t\t\t\t<div class=\"dcm-overlay\" data-icon=\"\"><\/div>\n\t\t\t\t<img decoding=\"async\" class=\"dcm-main-img\" data-mfp-src=\"\" src=\"\" alt=\"\"\/>\n            <\/figure> \n\t\t\t<\/div>\n\t\t\t\t<\/div>\n\t\t\t<\/div><\/p>","protected":false},"author":1,"featured_media":0,"parent":0,"menu_order":0,"comment_status":"closed","ping_status":"closed","template":"","meta":{"_et_pb_use_builder":"on","_et_pb_old_content":"<!-- wp:divi\/placeholder \/-->","_et_gb_content_width":"","footnotes":""},"class_list":["post-340","page","type-page","status-publish","hentry"],"_hostinger_reach_plugin_has_subscription_block":false,"_hostinger_reach_plugin_is_elementor":false,"_links":{"self":[{"href":"https:\/\/lapatronamishawaka.com\/en\/wp-json\/wp\/v2\/pages\/340","targetHints":{"allow":["GET"]}}],"collection":[{"href":"https:\/\/lapatronamishawaka.com\/en\/wp-json\/wp\/v2\/pages"}],"about":[{"href":"https:\/\/lapatronamishawaka.com\/en\/wp-json\/wp\/v2\/types\/page"}],"author":[{"embeddable":true,"href":"https:\/\/lapatronamishawaka.com\/en\/wp-json\/wp\/v2\/users\/1"}],"replies":[{"embeddable":true,"href":"https:\/\/lapatronamishawaka.com\/en\/wp-json\/wp\/v2\/comments?post=340"}],"version-history":[{"count":12,"href":"https:\/\/lapatronamishawaka.com\/en\/wp-json\/wp\/v2\/pages\/340\/revisions"}],"predecessor-version":[{"id":394,"href":"https:\/\/lapatronamishawaka.com\/en\/wp-json\/wp\/v2\/pages\/340\/revisions\/394"}],"wp:attachment":[{"href":"https:\/\/lapatronamishawaka.com\/en\/wp-json\/wp\/v2\/media?parent=340"}],"curies":[{"name":"wp","href":"https:\/\/api.w.org\/{rel}","templated":true}]}}