{"id":321,"date":"2025-12-16T00:57:06","date_gmt":"2025-12-16T00:57:06","guid":{"rendered":"https:\/\/lapatronamishawaka.com\/?page_id=321"},"modified":"2025-12-16T22:03:13","modified_gmt":"2025-12-16T22:03:13","slug":"menu","status":"publish","type":"page","link":"https:\/\/lapatronamishawaka.com\/en\/menu\/","title":{"rendered":"Menu"},"content":{"rendered":"<p>[et_pb_section fb_built=&#8221;1&#8243; custom_padding_last_edited=&#8221;off|desktop&#8221; admin_label=&#8221;Header&#8221; _builder_version=&#8221;4.27.5&#8243; use_background_color_gradient=&#8221;on&#8221; background_color_gradient_direction=&#8221;191deg&#8221; background_color_gradient_stops=&#8221;#000000 0%|rgba(0,0,0,0.37) 72%&#8221; background_image=&#8221;https:\/\/lapatronamishawaka.com\/wp-content\/uploads\/2025\/12\/558033002_122151668732639726_7334703358000710449_n.jpg&#8221; background_blend=&#8221;multiply&#8221; background_enable_mask_style=&#8221;on&#8221; background_mask_style=&#8221;corner-paint&#8221; background_mask_color=&#8221;#e02b20&#8243; background_mask_transform=&#8221;invert&#8221; custom_padding=&#8221;14vw||||false|false&#8221; custom_padding_tablet=&#8221;50px||50px||true|false&#8221; custom_padding_phone=&#8221;30px||30px||true|false&#8221; global_colors_info=&#8221;{}&#8221;][et_pb_row column_structure=&#8221;1_2,1_2&#8243; use_custom_gutter=&#8221;on&#8221; gutter_width=&#8221;4&#8243; _builder_version=&#8221;4.27.5&#8243; width=&#8221;100%&#8221; width_tablet=&#8221;67%&#8221; width_phone=&#8221;72%&#8221; width_last_edited=&#8221;on|desktop&#8221; max_width=&#8221;1368px&#8221; max_width_tablet=&#8221;1368px&#8221; max_width_phone=&#8221;79%&#8221; max_width_last_edited=&#8221;on|phone&#8221; global_colors_info=&#8221;{}&#8221;][et_pb_column type=&#8221;1_2&#8243; _builder_version=&#8221;4.16&#8243; custom_padding=&#8221;||||false|false&#8221; custom_padding_tablet=&#8221;||||false|false&#8221; custom_padding_phone=&#8221;|55%|||false|false&#8221; custom_padding_last_edited=&#8221;off|tablet&#8221; global_colors_info=&#8221;{}&#8221;][et_pb_text _builder_version=&#8221;4.27.5&#8243; header_font=&#8221;&#8211;et_global_heading_font|500|||||||&#8221; header_text_color=&#8221;#FFFFFF&#8221; header_font_size=&#8221;65px&#8221; header_line_height=&#8221;1.2em&#8221; custom_margin=&#8221;2rem||0px||false|false&#8221; custom_margin_tablet=&#8221;2rem||0px||false|false&#8221; custom_margin_phone=&#8221;0rem||||false|false&#8221; custom_margin_last_edited=&#8221;on|phone&#8221; header_text_align_tablet=&#8221;center&#8221; header_text_align_phone=&#8221;center&#8221; header_text_align_last_edited=&#8221;on|phone&#8221; header_font_size_tablet=&#8221;40px&#8221; header_font_size_phone=&#8221;30px&#8221; header_font_size_last_edited=&#8221;on|phone&#8221; global_colors_info=&#8221;{}&#8221;]<\/p>\n<h1>A menu that celebrates Mexican cuisine<\/h1>\n<p>[\/et_pb_text][et_pb_text _builder_version=&#8221;4.27.5&#8243; text_font=&#8221;&#8211;et_global_body_font||||||||&#8221; text_text_color=&#8221;#FFFFFF&#8221; text_font_size=&#8221;20px&#8221; text_line_height=&#8221;1.6em&#8221; text_font_size_tablet=&#8221;14px&#8221; text_font_size_phone=&#8221;15px&#8221; text_font_size_last_edited=&#8221;on|phone&#8221; text_orientation_tablet=&#8221;center&#8221; text_orientation_phone=&#8221;center&#8221; text_orientation_last_edited=&#8221;on|desktop&#8221; global_colors_info=&#8221;{}&#8221;]<\/p>\n<p>Dishes prepared with tradition, flavor, and heart.<\/p>\n<p>[\/et_pb_text][et_pb_button button_url=&#8221;https:\/\/abcmenusqr.com\/la-patrona-mishawaka-in\/&#8221; url_new_window=&#8221;on&#8221; button_text=&#8221;Explorar Men\u00fa&#8221; button_alignment=&#8221;left&#8221; button_alignment_tablet=&#8221;left&#8221; button_alignment_phone=&#8221;center&#8221; button_alignment_last_edited=&#8221;on|phone&#8221; _builder_version=&#8221;4.27.5&#8243; _module_preset=&#8221;c903df1a-bc34-40cc-9c3d-aac607f660f6&#8243; custom_button=&#8221;on&#8221; button_text_size=&#8221;18px&#8221; button_text_color=&#8221;#FFFFFF&#8221; button_bg_color=&#8221;#ff9c25&#8243; button_border_width=&#8221;0px&#8221; button_border_radius=&#8221;10px&#8221; button_font=&#8221;Quicksand|700|||||||&#8221; button_use_icon=&#8221;off&#8221; custom_margin=&#8221;0px||||false|false&#8221; custom_margin_tablet=&#8221;13rem||||false|false&#8221; custom_margin_phone=&#8221;0rem||||false|false&#8221; custom_margin_last_edited=&#8221;on|phone&#8221; custom_padding=&#8221;1rem|4rem|1rem|4rem|true|true&#8221; custom_padding_tablet=&#8221;14px|25px|14px|25px|true|true&#8221; custom_padding_phone=&#8221;12px|3rem|12px|3rem|true|true&#8221; custom_padding_last_edited=&#8221;on|phone&#8221; hover_enabled=&#8221;0&#8243; button_text_size_tablet=&#8221;16px&#8221; button_text_size_phone=&#8221;18px&#8221; button_text_size_last_edited=&#8221;on|desktop&#8221; box_shadow_style=&#8221;preset2&#8243; global_colors_info=&#8221;{}&#8221; button_bg_color__hover=&#8221;#E02B20&#8243; button_bg_color__hover_enabled=&#8221;on|hover&#8221; button_bg_enable_color__hover=&#8221;on&#8221; button_text_size__hover_enabled=&#8221;on|hover&#8221; button_text_size__hover=&#8221;18px&#8221; sticky_enabled=&#8221;0&#8243;][\/et_pb_button][\/et_pb_column][et_pb_column type=&#8221;1_2&#8243; _builder_version=&#8221;4.16&#8243; global_colors_info=&#8221;{}&#8221;][et_pb_image src=&#8221;https:\/\/lapatronamishawaka.com\/wp-content\/uploads\/2025\/12\/PATRONA_LOGO-e1765904783245.png&#8221; title_text=&#8221;PATRONA_LOGO&#8221; _builder_version=&#8221;4.27.5&#8243; width=&#8221;37%&#8221; max_width_tablet=&#8221;50%&#8221; max_width_phone=&#8221;35%&#8221; max_width_last_edited=&#8221;on|phone&#8221; custom_margin=&#8221;-20%|||-30%|false|false&#8221; custom_margin_tablet=&#8221;10%|||-10%|false|false&#8221; custom_margin_phone=&#8221;||||false|false&#8221; custom_margin_last_edited=&#8221;on|phone&#8221; scroll_rotating_enable=&#8221;on&#8221; scroll_rotating=&#8221;0|0|0|100|0\u00b0|-20\u00b0|10\u00b0&#8221; motion_trigger_start=&#8221;bottom&#8221; locked=&#8221;off&#8221; global_colors_info=&#8221;{}&#8221;][\/et_pb_image][et_pb_image src=&#8221;https:\/\/lapatronamishawaka.com\/wp-content\/uploads\/2025\/12\/mariscos-pancho.webp&#8221; title_text=&#8221;mariscos pancho&#8221; align=&#8221;center&#8221; _builder_version=&#8221;4.27.5&#8243; z_index=&#8221;1&#8243; width=&#8221;100%&#8221; max_width_tablet=&#8221;80%&#8221; max_width_phone=&#8221;80%&#8221; max_width_last_edited=&#8221;on|phone&#8221; custom_margin=&#8221;-30%|||-20%|false|false&#8221; custom_margin_tablet=&#8221;-30%|||0%|false|false&#8221; custom_margin_phone=&#8221;&#8221; custom_margin_last_edited=&#8221;on|phone&#8221; scroll_rotating_enable=&#8221;on&#8221; scroll_rotating=&#8221;0|0|0|100|0\u00b0|0|-20\u00b0&#8221; hover_enabled=&#8221;0&#8243; locked=&#8221;off&#8221; global_colors_info=&#8221;{}&#8221; sticky_enabled=&#8221;0&#8243;][\/et_pb_image][\/et_pb_column][\/et_pb_row][\/et_pb_section][et_pb_section fb_built=&#8221;1&#8243; admin_label=&#8221;About&#8221; module_class=&#8221;menu-sitio&#8221; _builder_version=&#8221;4.27.5&#8243; background_color=&#8221;#ff0000&#8243; use_background_color_gradient=&#8221;on&#8221; background_color_gradient_stops=&#8221;#000000 1%|#ff0000 97%&#8221; background_image=&#8221;https:\/\/lapatronamishawaka.com\/wp-content\/uploads\/2025\/12\/485095388_122123841092639726_6317158778843514792_n.jpg&#8221; background_blend=&#8221;multiply&#8221; background_enable_mask_style=&#8221;on&#8221; background_mask_style=&#8221;corner-square&#8221; background_mask_color=&#8221;#FF0000&#8243; background_mask_transform=&#8221;flip_vertical|rotate_90_degree|invert&#8221; custom_padding=&#8221;||3px|||&#8221; global_colors_info=&#8221;{}&#8221;][et_pb_row column_structure=&#8221;1_2,1_2&#8243; use_custom_gutter=&#8221;on&#8221; _builder_version=&#8221;4.27.5&#8243; width=&#8221;90%&#8221; max_width=&#8221;1441px&#8221; locked=&#8221;off&#8221; global_colors_info=&#8221;{}&#8221;][et_pb_column type=&#8221;1_2&#8243; _builder_version=&#8221;4.16&#8243; global_colors_info=&#8221;{}&#8221;][et_pb_code _builder_version=&#8221;4.27.5&#8243; _module_preset=&#8221;default&#8221; global_colors_info=&#8221;{}&#8221;]<\/p>\n<div style=\"position: relative; width: 100%; height: 0; padding-top: 129.4118%;<!-- [et_pb_line_break_holder] --> padding-bottom: 0; box-shadow: 0 2px 8px 0 rgba(63,69,81,0.16); margin-top: 1.6em; margin-bottom: 0.9em; overflow: hidden;<!-- [et_pb_line_break_holder] --> border-radius: 8px; will-change: transform;&#8221;><!-- [et_pb_line_break_holder] -->  <iframe loading=\"lazy\" <!--no numeric noise key 1003-->    src=&#8221;https:\/\/www.canva.com\/design\/DAG7oUNTS0c\/cLrZSrqC98XV2Cfb8YbhZA\/view?embed&#8221; allowfullscreen=&#8221;allowfullscreen&#8221; allow=&#8221;fullscreen&#8221;><!-- [et_pb_line_break_holder] -->  <\/iframe><!-- [et_pb_line_break_holder] --><\/div>\n<p><!-- [et_pb_line_break_holder] -->[\/et_pb_code][\/et_pb_column][et_pb_column type=&#8221;1_2&#8243; _builder_version=&#8221;4.16&#8243; global_colors_info=&#8221;{}&#8221;][wdcl_image_carousel nav_pagi=&#8221;none&#8221; slide_count=&#8221;1&#8243; slide_spacing=&#8221;5px&#8221; is_center=&#8221;on&#8221; center_mode_type=&#8221;highlighted&#8221; carousel_spacing_bottom=&#8221;56px&#8221; arrow_color=&#8221;#000000&#8243; arrow_bg=&#8221;#ff0000&#8243; slide_count_tablet=&#8221;&#8221; slide_count_phone=&#8221;1&#8243; slide_count_last_edited=&#8221;on|phone&#8221; _builder_version=&#8221;4.27.5&#8243; _module_preset=&#8221;default&#8221; custom_margin=&#8221;0px||0px||true|false&#8221; custom_padding=&#8221;0px||0px||true|false&#8221; hover_enabled=&#8221;0&#8243; global_colors_info=&#8221;{}&#8221; sticky_enabled=&#8221;0&#8243;][wdcl_image_carousel_child photo=&#8221;https:\/\/lapatronamishawaka.com\/wp-content\/uploads\/2025\/12\/seafood-el-Patron.png&#8221; _builder_version=&#8221;4.27.5&#8243; _module_preset=&#8221;default&#8221; hover_enabled=&#8221;0&#8243; global_colors_info=&#8221;{}&#8221; title_text=&#8221;seafood-el-Patron&#8221; sticky_enabled=&#8221;0&#8243;][\/wdcl_image_carousel_child][wdcl_image_carousel_child photo=&#8221;https:\/\/lapatronamishawaka.com\/wp-content\/uploads\/2025\/12\/Sandy-Special-copia.webp&#8221; _builder_version=&#8221;4.27.5&#8243; _module_preset=&#8221;default&#8221; hover_enabled=&#8221;0&#8243; global_colors_info=&#8221;{}&#8221; title_text=&#8221;Sandy-Special copia&#8221; sticky_enabled=&#8221;0&#8243;][\/wdcl_image_carousel_child][wdcl_image_carousel_child photo=&#8221;https:\/\/lapatronamishawaka.com\/wp-content\/uploads\/2025\/12\/parrillada.webp&#8221; _builder_version=&#8221;4.27.5&#8243; _module_preset=&#8221;default&#8221; hover_enabled=&#8221;0&#8243; global_colors_info=&#8221;{}&#8221; title_text=&#8221;parrillada&#8221; sticky_enabled=&#8221;0&#8243;][\/wdcl_image_carousel_child][wdcl_image_carousel_child photo=&#8221;https:\/\/lapatronamishawaka.com\/wp-content\/uploads\/2025\/12\/pina-tropical.webp&#8221; _builder_version=&#8221;4.27.5&#8243; _module_preset=&#8221;default&#8221; hover_enabled=&#8221;0&#8243; global_colors_info=&#8221;{}&#8221; title_text=&#8221;pi\u00f1a tropical&#8221; sticky_enabled=&#8221;0&#8243;][\/wdcl_image_carousel_child][wdcl_image_carousel_child photo=&#8221;https:\/\/lapatronamishawaka.com\/wp-content\/uploads\/2025\/12\/Pollo-chipotle.webp&#8221; _builder_version=&#8221;4.27.5&#8243; _module_preset=&#8221;default&#8221; hover_enabled=&#8221;0&#8243; global_colors_info=&#8221;{}&#8221; title_text=&#8221;Pollo chipotle&#8221; sticky_enabled=&#8221;0&#8243;][\/wdcl_image_carousel_child][wdcl_image_carousel_child photo=&#8221;https:\/\/lapatronamishawaka.com\/wp-content\/uploads\/2025\/12\/Pollo-chipotle.webp&#8221; _builder_version=&#8221;4.27.5&#8243; _module_preset=&#8221;default&#8221; hover_enabled=&#8221;0&#8243; global_colors_info=&#8221;{}&#8221; title_text=&#8221;Pollo chipotle&#8221; sticky_enabled=&#8221;0&#8243;][\/wdcl_image_carousel_child][wdcl_image_carousel_child photo=&#8221;https:\/\/lapatronamishawaka.com\/wp-content\/uploads\/2025\/12\/Fajita-for-two.png&#8221; _builder_version=&#8221;4.27.5&#8243; _module_preset=&#8221;default&#8221; global_colors_info=&#8221;{}&#8221;][\/wdcl_image_carousel_child][wdcl_image_carousel_child photo=&#8221;https:\/\/lapatronamishawaka.com\/wp-content\/uploads\/2025\/12\/pollo-toluca.webp&#8221; _builder_version=&#8221;4.27.5&#8243; _module_preset=&#8221;default&#8221; hover_enabled=&#8221;0&#8243; global_colors_info=&#8221;{}&#8221; title_text=&#8221;pollo toluca&#8221; sticky_enabled=&#8221;0&#8243;][\/wdcl_image_carousel_child][wdcl_image_carousel_child photo=&#8221;https:\/\/lapatronamishawaka.com\/wp-content\/uploads\/2025\/12\/oyesters.webp&#8221; _builder_version=&#8221;4.27.5&#8243; _module_preset=&#8221;default&#8221; hover_enabled=&#8221;0&#8243; global_colors_info=&#8221;{}&#8221; title_text=&#8221;oyesters&#8221; sticky_enabled=&#8221;0&#8243;][\/wdcl_image_carousel_child][\/wdcl_image_carousel][\/et_pb_column][\/et_pb_row][\/et_pb_section][et_pb_section fb_built=&#8221;1&#8243; _builder_version=&#8221;4.27.5&#8243; _module_preset=&#8221;default&#8221; background_image=&#8221;https:\/\/lapatronamishawaka.com\/wp-content\/uploads\/2025\/12\/574576628_122155502678639726_679290229900824753_n.jpg&#8221; global_colors_info=&#8221;{}&#8221;][et_pb_row _builder_version=&#8221;4.27.5&#8243; _module_preset=&#8221;default&#8221; background_color=&#8221;RGBA(224,43,32,0.91)&#8221; custom_padding=&#8221;4rem|2rem|4rem|2rem|true|true&#8221; border_radii=&#8221;on|20px|20px|20px|20px&#8221; box_shadow_style=&#8221;preset2&#8243; global_colors_info=&#8221;{}&#8221;][et_pb_column type=&#8221;4_4&#8243; _builder_version=&#8221;4.27.5&#8243; _module_preset=&#8221;default&#8221; background_enable_color=&#8221;off&#8221; global_colors_info=&#8221;{}&#8221;][et_pb_text _builder_version=&#8221;4.27.5&#8243; _module_preset=&#8221;default&#8221; header_2_font=&#8221;&#8211;et_global_heading_font||||||||&#8221; header_2_text_align=&#8221;center&#8221; header_2_text_color=&#8221;#FFFFFF&#8221; header_2_font_size=&#8221;34px&#8221; custom_margin=&#8221;0px||0px||true|false&#8221; custom_padding=&#8221;0px||0px||true|false&#8221; header_2_text_shadow_style=&#8221;preset1&#8243; global_colors_info=&#8221;{}&#8221;]<\/p>\n<h2>Come and enjoy the full menu at La Patrona Mishawaka<\/h2>\n<p>[\/et_pb_text][et_pb_button button_url=&#8221;https:\/\/lapatronamishawaka.com\/visitanos\/&#8221; url_new_window=&#8221;on&#8221; button_text=&#8221;V\u00edsitanos&#8221; button_alignment=&#8221;center&#8221; _builder_version=&#8221;4.27.5&#8243; _module_preset=&#8221;c903df1a-bc34-40cc-9c3d-aac607f660f6&#8243; custom_button=&#8221;on&#8221; button_text_size=&#8221;18px&#8221; button_text_color=&#8221;#FFFFFF&#8221; button_bg_color=&#8221;#ff9c25&#8243; button_border_width=&#8221;0px&#8221; button_border_radius=&#8221;10px&#8221; button_font=&#8221;Quicksand|700|||||||&#8221; button_use_icon=&#8221;off&#8221; custom_margin=&#8221;2rem||||false|false&#8221; custom_margin_tablet=&#8221;13rem||||false|false&#8221; custom_margin_phone=&#8221;3rem||||false|false&#8221; custom_margin_last_edited=&#8221;on|phone&#8221; custom_padding=&#8221;1rem|8rem|1rem|8rem|true|true&#8221; custom_padding_tablet=&#8221;14px|25px|14px|25px|true|true&#8221; custom_padding_phone=&#8221;12px|3rem|12px|3rem|true|true&#8221; custom_padding_last_edited=&#8221;on|phone&#8221; button_text_size_tablet=&#8221;16px&#8221; button_text_size_phone=&#8221;18px&#8221; button_text_size_last_edited=&#8221;on|desktop&#8221; box_shadow_style=&#8221;preset2&#8243; global_colors_info=&#8221;{}&#8221; button_bg_color__hover=&#8221;#E02B20&#8243; button_bg_color__hover_enabled=&#8221;on|hover&#8221; button_bg_enable_color__hover=&#8221;on&#8221; button_text_size__hover_enabled=&#8221;on|hover&#8221; button_text_size__hover=&#8221;18px&#8221;][\/et_pb_button][\/et_pb_column][\/et_pb_row][\/et_pb_section]<\/p>","protected":false},"excerpt":{"rendered":"<p>Un men\u00fa que celebra la cocina mexicanaPlatillos preparados con tradici\u00f3n, sabor y coraz\u00f3n.<\/p>","protected":false},"author":1,"featured_media":0,"parent":0,"menu_order":0,"comment_status":"closed","ping_status":"closed","template":"","meta":{"_et_pb_use_builder":"on","_et_pb_old_content":"<!-- wp:divi\/placeholder \/-->","_et_gb_content_width":"","footnotes":""},"class_list":["post-321","page","type-page","status-publish","hentry"],"_hostinger_reach_plugin_has_subscription_block":false,"_hostinger_reach_plugin_is_elementor":false,"_links":{"self":[{"href":"https:\/\/lapatronamishawaka.com\/en\/wp-json\/wp\/v2\/pages\/321","targetHints":{"allow":["GET"]}}],"collection":[{"href":"https:\/\/lapatronamishawaka.com\/en\/wp-json\/wp\/v2\/pages"}],"about":[{"href":"https:\/\/lapatronamishawaka.com\/en\/wp-json\/wp\/v2\/types\/page"}],"author":[{"embeddable":true,"href":"https:\/\/lapatronamishawaka.com\/en\/wp-json\/wp\/v2\/users\/1"}],"replies":[{"embeddable":true,"href":"https:\/\/lapatronamishawaka.com\/en\/wp-json\/wp\/v2\/comments?post=321"}],"version-history":[{"count":18,"href":"https:\/\/lapatronamishawaka.com\/en\/wp-json\/wp\/v2\/pages\/321\/revisions"}],"predecessor-version":[{"id":457,"href":"https:\/\/lapatronamishawaka.com\/en\/wp-json\/wp\/v2\/pages\/321\/revisions\/457"}],"wp:attachment":[{"href":"https:\/\/lapatronamishawaka.com\/en\/wp-json\/wp\/v2\/media?parent=321"}],"curies":[{"name":"wp","href":"https:\/\/api.w.org\/{rel}","templated":true}]}}